{"id":51,"date":"2025-11-19T10:46:33","date_gmt":"2025-11-19T10:46:33","guid":{"rendered":"https:\/\/schnuppi.phdemo.ch\/?page_id=51"},"modified":"2025-11-19T14:03:33","modified_gmt":"2025-11-19T14:03:33","slug":"elementor-seite-51","status":"publish","type":"page","link":"https:\/\/schnuppi.phdemo.ch\/?page_id=51","title":{"rendered":"Meine Hobbys"},"content":{"rendered":"\t\t<div data-elementor-type=\"wp-page\" data-elementor-id=\"51\" class=\"elementor elementor-51\">\n\t\t\t\t<div class=\"elementor-element elementor-element-c2c81db e-flex e-con-boxed e-con e-parent\" data-id=\"c2c81db\" data-element_type=\"container\">\n\t\t\t\t\t<div class=\"e-con-inner\">\n\t\t\t\t<div class=\"elementor-element elementor-element-fbc712a elementor-widget-divider--view-line elementor-widget elementor-widget-divider\" data-id=\"fbc712a\" data-element_type=\"widget\" data-widget_type=\"divider.default\">\n\t\t\t\t<div class=\"elementor-widget-container\">\n\t\t\t\t\t\t\t<div class=\"elementor-divider\">\n\t\t\t<span class=\"elementor-divider-separator\">\n\t\t\t\t\t\t<\/span>\n\t\t<\/div>\n\t\t\t\t\t\t<\/div>\n\t\t\t\t<\/div>\n\t\t\t\t\t<\/div>\n\t\t\t\t<\/div>\n\t\t<div class=\"elementor-element elementor-element-f5b5853 e-flex e-con-boxed e-con e-parent\" data-id=\"f5b5853\" data-element_type=\"container\">\n\t\t\t\t\t<div class=\"e-con-inner\">\n\t\t\t\t<div class=\"elementor-element elementor-element-d5c2a91 elementor-widget elementor-widget-text-editor\" data-id=\"d5c2a91\" data-element_type=\"widget\" data-widget_type=\"text-editor.default\">\n\t\t\t\t<div class=\"elementor-widget-container\">\n\t\t\t\t\t\t\t\t\t<p data-start=\"118\" data-end=\"347\">In meiner Freizeit widme ich mich zwei ganz unterschiedlichen, aber ebenso wichtigen Hobbys: dem Gitarre spielen und dem Training im Fitnessstudio. Beide Aktivit\u00e4ten bieten mir auf ihre Weise Ausgleich, Herausforderung und Freude.<\/p><p data-start=\"349\" data-end=\"899\"><strong data-start=\"349\" data-end=\"368\">Gitarre spielen<\/strong> ist f\u00fcr mich mehr als nur ein Hobby,\u00a0 es ist eine Form der Selbstexpression. Wenn ich die Gitarre in die Hand nehme, kann ich mich v\u00f6llig in der Musik verlieren. Ob ich nun ein einfaches Akkordprogression spiele oder mich an komplexen Liedern versuche, das Spielen auf der Gitarre bringt mir Ruhe und Zufriedenheit. Besonders gerne experimentiere ich mit verschiedenen Musikstilen, von Rock und Pop bis hin zu Blues und Jazz. Jede neue Melodie oder Technik, die ich lerne, motiviert mich, immer weiter zu \u00fcben und mich zu verbessern.<\/p><p data-start=\"901\" data-end=\"1420\">\u00a0<\/p>\t\t\t\t\t\t\t\t<\/div>\n\t\t\t\t<\/div>\n\t\t\t\t<div class=\"elementor-element elementor-element-2b2c988 elementor-widget-divider--view-line elementor-widget elementor-widget-divider\" data-id=\"2b2c988\" data-element_type=\"widget\" data-widget_type=\"divider.default\">\n\t\t\t\t<div class=\"elementor-widget-container\">\n\t\t\t\t\t\t\t<div class=\"elementor-divider\">\n\t\t\t<span class=\"elementor-divider-separator\">\n\t\t\t\t\t\t<\/span>\n\t\t<\/div>\n\t\t\t\t\t\t<\/div>\n\t\t\t\t<\/div>\n\t\t\t\t<div class=\"elementor-element elementor-element-24c411a elementor-widget elementor-widget-image\" data-id=\"24c411a\" data-element_type=\"widget\" data-widget_type=\"image.default\">\n\t\t\t\t<div class=\"elementor-widget-container\">\n\t\t\t\t\t\t\t\t\t\t\t\t\t\t\t<img fetchpriority=\"high\" decoding=\"async\" width=\"1024\" height=\"576\" src=\"https:\/\/schnuppi.phdemo.ch\/wp-content\/uploads\/2025\/11\/aufbau_e-gitarre_delamar_was_ist_was-1024x576.jpg\" class=\"attachment-large size-large wp-image-53\" alt=\"\" srcset=\"https:\/\/schnuppi.phdemo.ch\/wp-content\/uploads\/2025\/11\/aufbau_e-gitarre_delamar_was_ist_was-1024x576.jpg 1024w, https:\/\/schnuppi.phdemo.ch\/wp-content\/uploads\/2025\/11\/aufbau_e-gitarre_delamar_was_ist_was-300x169.jpg 300w, https:\/\/schnuppi.phdemo.ch\/wp-content\/uploads\/2025\/11\/aufbau_e-gitarre_delamar_was_ist_was-768x432.jpg 768w, https:\/\/schnuppi.phdemo.ch\/wp-content\/uploads\/2025\/11\/aufbau_e-gitarre_delamar_was_ist_was-1536x864.jpg 1536w, https:\/\/schnuppi.phdemo.ch\/wp-content\/uploads\/2025\/11\/aufbau_e-gitarre_delamar_was_ist_was-2048x1152.jpg 2048w\" sizes=\"(max-width: 1024px) 100vw, 1024px\" \/>\t\t\t\t\t\t\t\t\t\t\t\t\t\t\t<\/div>\n\t\t\t\t<\/div>\n\t\t\t\t\t<\/div>\n\t\t\t\t<\/div>\n\t\t<div class=\"elementor-element elementor-element-7909119 e-flex e-con-boxed e-con e-parent\" data-id=\"7909119\" data-element_type=\"container\">\n\t\t\t\t\t<div class=\"e-con-inner\">\n\t\t\t\t<div class=\"elementor-element elementor-element-8b81e6d elementor-widget elementor-widget-text-editor\" data-id=\"8b81e6d\" data-element_type=\"widget\" data-widget_type=\"text-editor.default\">\n\t\t\t\t<div class=\"elementor-widget-container\">\n\t\t\t\t\t\t\t\t\t<p data-start=\"901\" data-end=\"1420\">Das\u00a0<strong data-start=\"905\" data-end=\"912\">Gym<\/strong>-Training hingegen ist mein Ausgleich, um k\u00f6rperlich fit zu bleiben und den Kopf freizubekommen. Es geht mir nicht nur um die reine Muskelaufbau oder das Erreichen von Fitnesszielen, sondern auch um das Gef\u00fchl der Selbstdisziplin und der Kontrolle \u00fcber den eigenen K\u00f6rper. Die Zeit im Fitnessstudio ist f\u00fcr mich wie ein Moment, um mich selbst herauszufordern und \u00fcber meine eigenen Grenzen hinauszuwachsen. Es macht Spa\u00df, neue Trainingsmethoden auszuprobieren, sei es Krafttraining oder Ausdauer.<\/p><p data-start=\"1422\" data-end=\"1640\">\u00a0<\/p>\t\t\t\t\t\t\t\t<\/div>\n\t\t\t\t<\/div>\n\t\t\t\t<div class=\"elementor-element elementor-element-844dca3 elementor-widget-divider--view-line elementor-widget elementor-widget-divider\" data-id=\"844dca3\" data-element_type=\"widget\" data-widget_type=\"divider.default\">\n\t\t\t\t<div class=\"elementor-widget-container\">\n\t\t\t\t\t\t\t<div class=\"elementor-divider\">\n\t\t\t<span class=\"elementor-divider-separator\">\n\t\t\t\t\t\t<\/span>\n\t\t<\/div>\n\t\t\t\t\t\t<\/div>\n\t\t\t\t<\/div>\n\t\t\t\t\t<\/div>\n\t\t\t\t<\/div>\n\t\t<div class=\"elementor-element elementor-element-4925418 e-flex e-con-boxed e-con e-parent\" data-id=\"4925418\" data-element_type=\"container\">\n\t\t\t\t\t<div class=\"e-con-inner\">\n\t\t\t\t<div class=\"elementor-element elementor-element-3e9857d elementor-widget elementor-widget-image\" data-id=\"3e9857d\" data-element_type=\"widget\" data-widget_type=\"image.default\">\n\t\t\t\t<div class=\"elementor-widget-container\">\n\t\t\t\t\t\t\t\t\t\t\t\t\t\t\t<img decoding=\"async\" width=\"474\" height=\"379\" src=\"https:\/\/schnuppi.phdemo.ch\/wp-content\/uploads\/2025\/11\/OIP.webp\" class=\"attachment-large size-large wp-image-54\" alt=\"\" srcset=\"https:\/\/schnuppi.phdemo.ch\/wp-content\/uploads\/2025\/11\/OIP.webp 474w, https:\/\/schnuppi.phdemo.ch\/wp-content\/uploads\/2025\/11\/OIP-300x240.webp 300w\" sizes=\"(max-width: 474px) 100vw, 474px\" \/>\t\t\t\t\t\t\t\t\t\t\t\t\t\t\t<\/div>\n\t\t\t\t<\/div>\n\t\t\t\t\t<\/div>\n\t\t\t\t<\/div>\n\t\t<div class=\"elementor-element elementor-element-e799241 e-flex e-con-boxed e-con e-parent\" data-id=\"e799241\" data-element_type=\"container\">\n\t\t\t\t\t<div class=\"e-con-inner\">\n\t\t\t\t<div class=\"elementor-element elementor-element-2faf535 elementor-widget elementor-widget-text-editor\" data-id=\"2faf535\" data-element_type=\"widget\" data-widget_type=\"text-editor.default\">\n\t\t\t\t<div class=\"elementor-widget-container\">\n\t\t\t\t\t\t\t\t\t<p>Beide Hobbys, Gitarre und Gym, geben mir die M\u00f6glichkeit, mich kreativ und k\u00f6rperlich auszudr\u00fccken. Sie helfen mir, mein Leben in Balance zu halten, und ich kann mich sowohl mental als auch physisch<\/p>\t\t\t\t\t\t\t\t<\/div>\n\t\t\t\t<\/div>\n\t\t\t\t\t<\/div>\n\t\t\t\t<\/div>\n\t\t<div class=\"elementor-element elementor-element-8eb3c8b e-flex e-con-boxed e-con e-parent\" data-id=\"8eb3c8b\" data-element_type=\"container\">\n\t\t\t\t\t<div class=\"e-con-inner\">\n\t\t\t\t<div class=\"elementor-element elementor-element-833d5d4 elementor-align-center elementor-widget elementor-widget-button\" data-id=\"833d5d4\" data-element_type=\"widget\" data-widget_type=\"button.default\">\n\t\t\t\t<div class=\"elementor-widget-container\">\n\t\t\t\t\t\t\t\t\t<div class=\"elementor-button-wrapper\">\n\t\t\t\t\t<a class=\"elementor-button elementor-button-link elementor-size-sm\" href=\"https:\/\/schnuppi.phdemo.ch\/?page_id=46\">\n\t\t\t\t\t\t<span class=\"elementor-button-content-wrapper\">\n\t\t\t\t\t\t<span class=\"elementor-button-icon\">\n\t\t\t\t<svg aria-hidden=\"true\" class=\"e-font-icon-svg e-fas-home\" viewBox=\"0 0 576 512\" xmlns=\"http:\/\/www.w3.org\/2000\/svg\"><path d=\"M280.37 148.26L96 300.11V464a16 16 0 0 0 16 16l112.06-.29a16 16 0 0 0 15.92-16V368a16 16 0 0 1 16-16h64a16 16 0 0 1 16 16v95.64a16 16 0 0 0 16 16.05L464 480a16 16 0 0 0 16-16V300L295.67 148.26a12.19 12.19 0 0 0-15.3 0zM571.6 251.47L488 182.56V44.05a12 12 0 0 0-12-12h-56a12 12 0 0 0-12 12v72.61L318.47 43a48 48 0 0 0-61 0L4.34 251.47a12 12 0 0 0-1.6 16.9l25.5 31A12 12 0 0 0 45.15 301l235.22-193.74a12.19 12.19 0 0 1 15.3 0L530.9 301a12 12 0 0 0 16.9-1.6l25.5-31a12 12 0 0 0-1.7-16.93z\"><\/path><\/svg>\t\t\t<\/span>\n\t\t\t\t\t\t\t\t\t<span class=\"elementor-button-text\">Home<\/span>\n\t\t\t\t\t<\/span>\n\t\t\t\t\t<\/a>\n\t\t\t\t<\/div>\n\t\t\t\t\t\t\t\t<\/div>\n\t\t\t\t<\/div>\n\t\t\t\t\t<\/div>\n\t\t\t\t<\/div>\n\t\t\t\t<\/div>\n\t\t","protected":false},"excerpt":{"rendered":"<p>In meiner Freizeit widme ich mich zwei ganz unterschiedlichen, aber ebenso wichtigen Hobbys: dem Gitarre spielen und dem Training im Fitnessstudio. Beide Aktivit\u00e4ten bieten mir auf ihre Weise Ausgleich, Herausforderung und Freude. Gitarre spielen ist f\u00fcr mich mehr als nur ein Hobby,\u00a0 es ist eine Form der Selbstexpression. Wenn ich die Gitarre in die Hand [&hellip;]<\/p>\n","protected":false},"author":1,"featured_media":0,"parent":0,"menu_order":0,"comment_status":"closed","ping_status":"closed","template":"","meta":{"footnotes":""},"class_list":["post-51","page","type-page","status-publish","hentry"],"_links":{"self":[{"href":"https:\/\/schnuppi.phdemo.ch\/index.php?rest_route=\/wp\/v2\/pages\/51","targetHints":{"allow":["GET"]}}],"collection":[{"href":"https:\/\/schnuppi.phdemo.ch\/index.php?rest_route=\/wp\/v2\/pages"}],"about":[{"href":"https:\/\/schnuppi.phdemo.ch\/index.php?rest_route=\/wp\/v2\/types\/page"}],"author":[{"embeddable":true,"href":"https:\/\/schnuppi.phdemo.ch\/index.php?rest_route=\/wp\/v2\/users\/1"}],"replies":[{"embeddable":true,"href":"https:\/\/schnuppi.phdemo.ch\/index.php?rest_route=%2Fwp%2Fv2%2Fcomments&post=51"}],"version-history":[{"count":19,"href":"https:\/\/schnuppi.phdemo.ch\/index.php?rest_route=\/wp\/v2\/pages\/51\/revisions"}],"predecessor-version":[{"id":98,"href":"https:\/\/schnuppi.phdemo.ch\/index.php?rest_route=\/wp\/v2\/pages\/51\/revisions\/98"}],"wp:attachment":[{"href":"https:\/\/schnuppi.phdemo.ch\/index.php?rest_route=%2Fwp%2Fv2%2Fmedia&parent=51"}],"curies":[{"name":"wp","href":"https:\/\/api.w.org\/{rel}","templated":true}]}}