{"id":64,"date":"2025-11-19T13:58:19","date_gmt":"2025-11-19T13:58:19","guid":{"rendered":"https:\/\/schnuppi.phdemo.ch\/?page_id=64"},"modified":"2025-11-19T13:58:56","modified_gmt":"2025-11-19T13:58:56","slug":"steckbrief","status":"publish","type":"page","link":"https:\/\/schnuppi.phdemo.ch\/?page_id=64","title":{"rendered":"Steckbrief"},"content":{"rendered":"\t\t<div data-elementor-type=\"wp-page\" data-elementor-id=\"64\" class=\"elementor elementor-64\">\n\t\t\t\t<div class=\"elementor-element elementor-element-c8ad168 e-flex e-con-boxed e-con e-parent\" data-id=\"c8ad168\" data-element_type=\"container\">\n\t\t\t\t\t<div class=\"e-con-inner\">\n\t\t\t\t<div class=\"elementor-element elementor-element-b586a44 elementor-widget-divider--view-line elementor-widget elementor-widget-divider\" data-id=\"b586a44\" data-element_type=\"widget\" data-widget_type=\"divider.default\">\n\t\t\t\t<div class=\"elementor-widget-container\">\n\t\t\t\t\t\t\t<div class=\"elementor-divider\">\n\t\t\t<span class=\"elementor-divider-separator\">\n\t\t\t\t\t\t<\/span>\n\t\t<\/div>\n\t\t\t\t\t\t<\/div>\n\t\t\t\t<\/div>\n\t\t\t\t<div class=\"elementor-element elementor-element-72afc4b elementor-widget elementor-widget-text-editor\" data-id=\"72afc4b\" data-element_type=\"widget\" data-widget_type=\"text-editor.default\">\n\t\t\t\t<div class=\"elementor-widget-container\">\n\t\t\t\t\t\t\t\t\t<p>Vorname: Elisa<\/p><p>Nachname: Estermann<\/p><p>Geburtstag: 17.02.2010<\/p><p>Wohnort: Eich 6205<\/p><p>Adresse: Kirchstrasse 12<\/p><p>Haarfarbe: Schwarz mit roten Str\u00e4hnen<\/p><p>Augenfarbe: Braun, Gr\u00fcn<\/p><p>Lieblingstier: Mein Hund Mocha<\/p><p>Lieblingsfarbe: Dunkel Gr\u00fcn<\/p><p>Lieblingsjahreszeit: Herbst<\/p>\t\t\t\t\t\t\t\t<\/div>\n\t\t\t\t<\/div>\n\t\t\t\t\t<\/div>\n\t\t\t\t<\/div>\n\t\t<div class=\"elementor-element elementor-element-01e8ade e-con-full e-flex e-con e-parent\" data-id=\"01e8ade\" data-element_type=\"container\">\n\t\t<div class=\"elementor-element elementor-element-a1cd025 e-con-full e-flex e-con e-child\" data-id=\"a1cd025\" data-element_type=\"container\">\n\t\t\t\t<div class=\"elementor-element elementor-element-6eebaeb elementor-widget-divider--view-line elementor-widget elementor-widget-divider\" data-id=\"6eebaeb\" data-element_type=\"widget\" data-widget_type=\"divider.default\">\n\t\t\t\t<div class=\"elementor-widget-container\">\n\t\t\t\t\t\t\t<div class=\"elementor-divider\">\n\t\t\t<span class=\"elementor-divider-separator\">\n\t\t\t\t\t\t<\/span>\n\t\t<\/div>\n\t\t\t\t\t\t<\/div>\n\t\t\t\t<\/div>\n\t\t\t\t<\/div>\n\t\t\t\t<\/div>\n\t\t<div class=\"elementor-element elementor-element-b4afdbf e-flex e-con-boxed e-con e-parent\" data-id=\"b4afdbf\" data-element_type=\"container\">\n\t\t\t\t\t<div class=\"e-con-inner\">\n\t\t\t\t<div class=\"elementor-element elementor-element-109b4f0 elementor-widget elementor-widget-button\" data-id=\"109b4f0\" data-element_type=\"widget\" data-widget_type=\"button.default\">\n\t\t\t\t<div class=\"elementor-widget-container\">\n\t\t\t\t\t\t\t\t\t<div class=\"elementor-button-wrapper\">\n\t\t\t\t\t<a class=\"elementor-button elementor-button-link elementor-size-sm\" href=\"https:\/\/schnuppi.phdemo.ch\/?page_id=46\">\n\t\t\t\t\t\t<span class=\"elementor-button-content-wrapper\">\n\t\t\t\t\t\t<span class=\"elementor-button-icon\">\n\t\t\t\t<svg aria-hidden=\"true\" class=\"e-font-icon-svg e-fas-home\" viewBox=\"0 0 576 512\" xmlns=\"http:\/\/www.w3.org\/2000\/svg\"><path d=\"M280.37 148.26L96 300.11V464a16 16 0 0 0 16 16l112.06-.29a16 16 0 0 0 15.92-16V368a16 16 0 0 1 16-16h64a16 16 0 0 1 16 16v95.64a16 16 0 0 0 16 16.05L464 480a16 16 0 0 0 16-16V300L295.67 148.26a12.19 12.19 0 0 0-15.3 0zM571.6 251.47L488 182.56V44.05a12 12 0 0 0-12-12h-56a12 12 0 0 0-12 12v72.61L318.47 43a48 48 0 0 0-61 0L4.34 251.47a12 12 0 0 0-1.6 16.9l25.5 31A12 12 0 0 0 45.15 301l235.22-193.74a12.19 12.19 0 0 1 15.3 0L530.9 301a12 12 0 0 0 16.9-1.6l25.5-31a12 12 0 0 0-1.7-16.93z\"><\/path><\/svg>\t\t\t<\/span>\n\t\t\t\t\t\t\t\t\t<span class=\"elementor-button-text\">Home<\/span>\n\t\t\t\t\t<\/span>\n\t\t\t\t\t<\/a>\n\t\t\t\t<\/div>\n\t\t\t\t\t\t\t\t<\/div>\n\t\t\t\t<\/div>\n\t\t\t\t\t<\/div>\n\t\t\t\t<\/div>\n\t\t<div class=\"elementor-element elementor-element-2f54e40 e-flex e-con-boxed e-con e-parent\" data-id=\"2f54e40\" data-element_type=\"container\">\n\t\t\t\t\t<div class=\"e-con-inner\">\n\t\t\t\t\t<\/div>\n\t\t\t\t<\/div>\n\t\t<div class=\"elementor-element elementor-element-aa1fa4f e-flex e-con-boxed e-con e-parent\" data-id=\"aa1fa4f\" data-element_type=\"container\">\n\t\t\t\t\t<div class=\"e-con-inner\">\n\t\t\t\t\t<\/div>\n\t\t\t\t<\/div>\n\t\t\t\t<\/div>\n\t\t","protected":false},"excerpt":{"rendered":"<p>Vorname: Elisa Nachname: Estermann Geburtstag: 17.02.2010 Wohnort: Eich 6205 Adresse: Kirchstrasse 12 Haarfarbe: Schwarz mit roten Str\u00e4hnen Augenfarbe: Braun, Gr\u00fcn Lieblingstier: Mein Hund Mocha Lieblingsfarbe: Dunkel Gr\u00fcn Lieblingsjahreszeit: Herbst Home<\/p>\n","protected":false},"author":1,"featured_media":0,"parent":0,"menu_order":0,"comment_status":"closed","ping_status":"closed","template":"","meta":{"footnotes":""},"class_list":["post-64","page","type-page","status-publish","hentry"],"_links":{"self":[{"href":"https:\/\/schnuppi.phdemo.ch\/index.php?rest_route=\/wp\/v2\/pages\/64","targetHints":{"allow":["GET"]}}],"collection":[{"href":"https:\/\/schnuppi.phdemo.ch\/index.php?rest_route=\/wp\/v2\/pages"}],"about":[{"href":"https:\/\/schnuppi.phdemo.ch\/index.php?rest_route=\/wp\/v2\/types\/page"}],"author":[{"embeddable":true,"href":"https:\/\/schnuppi.phdemo.ch\/index.php?rest_route=\/wp\/v2\/users\/1"}],"replies":[{"embeddable":true,"href":"https:\/\/schnuppi.phdemo.ch\/index.php?rest_route=%2Fwp%2Fv2%2Fcomments&post=64"}],"version-history":[{"count":13,"href":"https:\/\/schnuppi.phdemo.ch\/index.php?rest_route=\/wp\/v2\/pages\/64\/revisions"}],"predecessor-version":[{"id":91,"href":"https:\/\/schnuppi.phdemo.ch\/index.php?rest_route=\/wp\/v2\/pages\/64\/revisions\/91"}],"wp:attachment":[{"href":"https:\/\/schnuppi.phdemo.ch\/index.php?rest_route=%2Fwp%2Fv2%2Fmedia&parent=64"}],"curies":[{"name":"wp","href":"https:\/\/api.w.org\/{rel}","templated":true}]}}